{"id":264,"date":"2023-03-13T01:50:10","date_gmt":"2023-03-13T00:50:10","guid":{"rendered":"https:\/\/serein-ge.com\/?page_id=264"},"modified":"2023-10-12T15:35:16","modified_gmt":"2023-10-12T15:35:16","slug":"topographie-foncier","status":"publish","type":"page","link":"https:\/\/serein-ge.com\/?page_id=264","title":{"rendered":"A_E_Departement"},"content":{"rendered":"\n<div class=\"wp-block-cover is-light has-custom-content-position is-position-top-center\" style=\"padding-top:0;padding-right:0;padding-bottom:0;padding-left:0;min-height:50vh;aspect-ratio:unset;\"><span aria-hidden=\"true\" class=\"wp-block-cover__background has-background-dim-0 has-background-dim\"><\/span><div class=\"wp-block-cover__inner-container is-layout-flow wp-block-cover-is-layout-flow\">\n<p class=\"has-text-align-center has-theme-palette-3-color has-text-color has-large-font-size\"><strong>DEPARTEMENT AMENAGEMENT ET EVALUTON IMMOBILIERE<\/strong><\/p>\n\n\n<style>.kb-row-layout-id_769d2b-1b > .kt-row-column-wrap{align-content:start;}:where(.kb-row-layout-id_769d2b-1b > .kt-row-column-wrap) > .wp-block-kadence-column{justify-content:start;}.kb-row-layout-id_769d2b-1b > .kt-row-column-wrap{column-gap:var(--global-kb-gap-md, 2rem);row-gap:var(--global-kb-gap-md, 2rem);padding-top:var(--global-kb-spacing-sm, 1.5rem);padding-bottom:var(--global-kb-spacing-sm, 1.5rem);}.kb-row-layout-id_769d2b-1b > .kt-row-column-wrap > div:not(.added-for-specificity){grid-column:initial;}.kb-row-layout-id_769d2b-1b > .kt-row-column-wrap{grid-template-columns:repeat(5, minmax(0, 1fr));}.kb-row-layout-id_769d2b-1b > .kt-row-layout-overlay{opacity:0.30;}@media all and (max-width: 1024px){.kb-row-layout-id_769d2b-1b > .kt-row-column-wrap > div:not(.added-for-specificity){grid-column:initial;}}@media all and (max-width: 1024px){.kb-row-layout-id_769d2b-1b > .kt-row-column-wrap{grid-template-columns:repeat(5, minmax(0, 1fr));}}@media all and (max-width: 767px){.kb-row-layout-id_769d2b-1b > .kt-row-column-wrap > div:not(.added-for-specificity){grid-column:initial;}.kb-row-layout-id_769d2b-1b > .kt-row-column-wrap{grid-template-columns:minmax(0, 1fr);}}<\/style><div class=\"kb-row-layout-wrap kb-row-layout-id_769d2b-1b alignnone wp-block-kadence-rowlayout\"><div class=\"kt-row-column-wrap kt-has-5-columns kt-row-layout-equal kt-tab-layout-inherit kt-mobile-layout-row kt-row-valign-top\">\n<style>.kadence-column_dbd9d5-5a > .kt-inside-inner-col,.kadence-column_dbd9d5-5a > .kt-inside-inner-col:before{border-top-left-radius:0px;border-top-right-radius:0px;border-bottom-right-radius:0px;border-bottom-left-radius:0px;}.kadence-column_dbd9d5-5a > .kt-inside-inner-col{column-gap:var(--global-kb-gap-sm, 1rem);}.kadence-column_dbd9d5-5a > .kt-inside-inner-col{flex-direction:column;}.kadence-column_dbd9d5-5a > .kt-inside-inner-col > .aligncenter{width:100%;}.kadence-column_dbd9d5-5a > .kt-inside-inner-col:before{opacity:0.3;}.kadence-column_dbd9d5-5a{position:relative;}@media all and (max-width: 1024px){.kadence-column_dbd9d5-5a > .kt-inside-inner-col{flex-direction:column;justify-content:center;}}@media all and (max-width: 767px){.kadence-column_dbd9d5-5a > .kt-inside-inner-col{flex-direction:column;justify-content:center;}}<\/style>\n<div class=\"wp-block-kadence-column kadence-column_dbd9d5-5a kb-section-has-link\"><div class=\"kt-inside-inner-col\">\n<div class=\"wp-block-essential-blocks-button\"><div class=\"eb-parent-wrapper eb-parent-eb-button-sejc5k0 \"><div class=\"eb-button-wrapper eb-button-alignment eb-button-sejc5k0\"><div class=\"eb-button\"><a class=\"eb-button-anchor\" href=\"\" rel=\"noopener\"><strong>TOPOGRAPHIE ET FONCIER<\/strong><br><\/a><\/div><\/div><\/div><\/div>\n<\/div><a href=\"https:\/\/serein-ge.com\/?page_id=693\" class=\"kb-section-link-overlay\"><\/a><\/div>\n\n\n<style>.kadence-column_045539-f9 > .kt-inside-inner-col,.kadence-column_045539-f9 > .kt-inside-inner-col:before{border-top-left-radius:0px;border-top-right-radius:0px;border-bottom-right-radius:0px;border-bottom-left-radius:0px;}.kadence-column_045539-f9 > .kt-inside-inner-col{column-gap:var(--global-kb-gap-sm, 1rem);}.kadence-column_045539-f9 > .kt-inside-inner-col{flex-direction:column;}.kadence-column_045539-f9 > .kt-inside-inner-col > .aligncenter{width:100%;}.kadence-column_045539-f9 > .kt-inside-inner-col:before{opacity:0.3;}.kadence-column_045539-f9{position:relative;}@media all and (max-width: 1024px){.kadence-column_045539-f9 > .kt-inside-inner-col{flex-direction:column;justify-content:center;}}@media all and (max-width: 767px){.kadence-column_045539-f9 > .kt-inside-inner-col{flex-direction:column;justify-content:center;}}<\/style>\n<div class=\"wp-block-kadence-column kadence-column_045539-f9 kb-section-has-link\"><div class=\"kt-inside-inner-col\">\n<div class=\"wp-block-essential-blocks-button\"><div class=\"eb-parent-wrapper eb-parent-eb-button-chbpddl \"><div class=\"eb-button-wrapper eb-button-alignment eb-button-chbpddl\"><div class=\"eb-button\"><a class=\"eb-button-anchor\" href=\"\" rel=\"noopener\"><strong>GEOMATIQUE<\/strong><br><br><\/a><\/div><\/div><\/div><\/div>\n<\/div><a href=\"https:\/\/serein-ge.com\/?page_id=685\" class=\"kb-section-link-overlay\"><\/a><\/div>\n\n\n<style>.kadence-column_ad29fb-52 > .kt-inside-inner-col,.kadence-column_ad29fb-52 > .kt-inside-inner-col:before{border-top-left-radius:0px;border-top-right-radius:0px;border-bottom-right-radius:0px;border-bottom-left-radius:0px;}.kadence-column_ad29fb-52 > .kt-inside-inner-col{column-gap:var(--global-kb-gap-sm, 1rem);}.kadence-column_ad29fb-52 > .kt-inside-inner-col{flex-direction:column;}.kadence-column_ad29fb-52 > .kt-inside-inner-col > .aligncenter{width:100%;}.kadence-column_ad29fb-52 > .kt-inside-inner-col:before{opacity:0.3;}.kadence-column_ad29fb-52{position:relative;}@media all and (max-width: 1024px){.kadence-column_ad29fb-52 > .kt-inside-inner-col{flex-direction:column;justify-content:center;}}@media all and (max-width: 767px){.kadence-column_ad29fb-52 > .kt-inside-inner-col{flex-direction:column;justify-content:center;}}<\/style>\n<div class=\"wp-block-kadence-column kadence-column_ad29fb-52 kb-section-has-link\"><div class=\"kt-inside-inner-col\">\n<div class=\"wp-block-essential-blocks-button\"><div class=\"eb-parent-wrapper eb-parent-eb-button-oo84lhg \"><div class=\"eb-button-wrapper eb-button-alignment eb-button-oo84lhg\"><div class=\"eb-button\"><a class=\"eb-button-anchor\" href=\"\" rel=\"noopener\"><strong>AMENAGEMENT ET EVALUATION IMMOBILIER<\/strong><\/a><\/div><\/div><\/div><\/div>\n<\/div><a href=\"https:\/\/serein-ge.com\/?page_id=264\" class=\"kb-section-link-overlay\"><\/a><\/div>\n\n\n<style>.kadence-column_7ae2c4-18 > .kt-inside-inner-col,.kadence-column_7ae2c4-18 > .kt-inside-inner-col:before{border-top-left-radius:0px;border-top-right-radius:0px;border-bottom-right-radius:0px;border-bottom-left-radius:0px;}.kadence-column_7ae2c4-18 > .kt-inside-inner-col{column-gap:var(--global-kb-gap-sm, 1rem);}.kadence-column_7ae2c4-18 > .kt-inside-inner-col{flex-direction:column;}.kadence-column_7ae2c4-18 > .kt-inside-inner-col > .aligncenter{width:100%;}.kadence-column_7ae2c4-18 > .kt-inside-inner-col:before{opacity:0.3;}.kadence-column_7ae2c4-18{position:relative;}@media all and (max-width: 1024px){.kadence-column_7ae2c4-18 > .kt-inside-inner-col{flex-direction:column;justify-content:center;}}@media all and (max-width: 767px){.kadence-column_7ae2c4-18 > .kt-inside-inner-col{flex-direction:column;justify-content:center;}}<\/style>\n<div class=\"wp-block-kadence-column kadence-column_7ae2c4-18 kb-section-has-link\"><div class=\"kt-inside-inner-col\">\n<div class=\"wp-block-essential-blocks-button\"><div class=\"eb-parent-wrapper eb-parent-eb-button-e1nfxp8 \"><div class=\"eb-button-wrapper eb-button-alignment eb-button-e1nfxp8\"><div class=\"eb-button\"><a class=\"eb-button-anchor\" href=\"\" rel=\"noopener\"><strong>INFORMATIQUE<\/strong><br><br><\/a><\/div><\/div><\/div><\/div>\n<\/div><a href=\"https:\/\/serein-ge.com\/?page_id=698\" class=\"kb-section-link-overlay\"><\/a><\/div>\n\n\n<style>.kadence-column_1b7935-b8 > .kt-inside-inner-col,.kadence-column_1b7935-b8 > .kt-inside-inner-col:before{border-top-left-radius:0px;border-top-right-radius:0px;border-bottom-right-radius:0px;border-bottom-left-radius:0px;}.kadence-column_1b7935-b8 > .kt-inside-inner-col{column-gap:var(--global-kb-gap-sm, 1rem);}.kadence-column_1b7935-b8 > .kt-inside-inner-col{flex-direction:column;}.kadence-column_1b7935-b8 > .kt-inside-inner-col > .aligncenter{width:100%;}.kadence-column_1b7935-b8 > .kt-inside-inner-col:before{opacity:0.3;}.kadence-column_1b7935-b8{position:relative;}@media all and (max-width: 1024px){.kadence-column_1b7935-b8 > .kt-inside-inner-col{flex-direction:column;justify-content:center;}}@media all and (max-width: 767px){.kadence-column_1b7935-b8 > .kt-inside-inner-col{flex-direction:column;justify-content:center;}}<\/style>\n<div class=\"wp-block-kadence-column kadence-column_1b7935-b8 kb-section-has-link\"><div class=\"kt-inside-inner-col\">\n<div class=\"wp-block-essential-blocks-button\"><div class=\"eb-parent-wrapper eb-parent-eb-button-9p6r6lo \"><div class=\"eb-button-wrapper eb-button-alignment eb-button-9p6r6lo\"><div class=\"eb-button\"><a class=\"eb-button-anchor\" href=\"\" rel=\"noopener\"><strong>FORMATION CONTINUE<\/strong><br><\/a><\/div><\/div><\/div><\/div>\n<\/div><a href=\"https:\/\/serein-ge.com\/?page_id=700\" class=\"kb-section-link-overlay\"><\/a><\/div>\n\n<\/div><\/div><\/div><\/div>\n\n\n\n<h2 class=\"wp-block-heading has-text-align-center has-background has-medium-font-size\" style=\"background-color:#baa232;padding-top:var(--wp--preset--spacing--40);padding-right:var(--wp--preset--spacing--40);padding-bottom:var(--wp--preset--spacing--40);padding-left:var(--wp--preset--spacing--40);font-style:normal;font-weight:400\">AMENAGEMENT FONCIER<\/h2>\n\n\n\n<p class=\"has-text-align-center\">Nous intervenons aussi fr\u00e9quemment dans les domaines de l&rsquo;am\u00e9nagement et de l&rsquo;\u00e9valuation immobili\u00e8re. Les secteurs suivants sont abord\u00e9s:<\/p>\n\n\n\n<p class=\"has-text-align-center\">&#8211;  <strong>La conduite et la gestion des projets fonciers et d&rsquo;am\u00e9nagement du territoire<\/strong><\/p>\n\n\n\n<p class=\"has-text-align-center\">&#8211;<strong>L&rsquo;\u00e9valuation immobili\u00e8re et fonci\u00e8re<\/strong><\/p>\n\n\n\n<p class=\"has-text-align-center\">&#8211;<strong>L&rsquo;expertise immobili\u00e8re et fonci\u00e8re<\/strong><\/p>\n\n\n<style>.kt-tabs-id_246dde-a5 > .kt-tabs-content-wrap > .wp-block-kadence-tab{border-top:3px solid #0a6689;border-right:0px solid #0a6689;border-bottom:0px solid #0a6689;border-left:0px solid #0a6689;border-top-left-radius:0px;border-top-right-radius:0px;border-bottom-right-radius:0px;border-bottom-left-radius:0px;padding-top:var(--global-kb-spacing-sm, 1.5rem);padding-right:var(--global-kb-spacing-sm, 1.5rem);padding-bottom:var(--global-kb-spacing-sm, 1.5rem);padding-left:var(--global-kb-spacing-sm, 1.5rem);background:var(--global-palette9, #ffffff);}.wp-block-kadence-tabs .kt-tabs-id_246dde-a5 > .kt-tabs-title-list li{margin-top:0px;margin-right:8px;margin-bottom:0px;margin-left:0px;}.wp-block-kadence-tabs .kt-tabs-id_246dde-a5 > .kt-tabs-title-list li:last-child{margin-right:0px;}.wp-block-kadence-tabs .kt-tabs-id_246dde-a5 > .kt-tabs-title-list li .kt-tab-title, .wp-block-kadence-tabs .kt-tabs-id_246dde-a5 > .kt-tabs-content-wrap > .kt-tabs-accordion-title .kt-tab-title{line-height:1.4em;font-weight:regular;font-style:normal;border-top-width:0px;border-right-width:0px;border-bottom-width:0px;border-left-width:0px;border-top-left-radius:4px;border-top-right-radius:4px;border-bottom-right-radius:0px;border-bottom-left-radius:0px;padding-top:8px;padding-right:20px;padding-bottom:8px;padding-left:20px;border-color:var(--global-palette7, #eeeeee);background:var(--global-palette7, #eeeeee);}.wp-block-kadence-tabs .kt-tabs-id_246dde-a5 > .kt-tabs-content-wrap > .kt-tabs-accordion-title .kt-tab-title{margin-top:0px;margin-right:8px;margin-bottom:0px;margin-left:0px;}.wp-block-kadence-tabs .kt-tabs-id_246dde-a5 > .kt-tabs-title-list li .kt-tab-title:hover, .wp-block-kadence-tabs .kt-tabs-id_246dde-a5 > .kt-tabs-content-wrap > .kt-tabs-accordion-title .kt-tab-title:hover{border-color:var(--global-palette7, #eeeeee);color:var(--global-palette3, #1A202C);background:var(--global-palette8, #F7FAFC);}.wp-block-kadence-tabs .kt-tabs-id_246dde-a5 > .kt-tabs-title-list li.kt-tab-title-active .kt-tab-title, .wp-block-kadence-tabs .kt-tabs-id_246dde-a5 > .kt-tabs-content-wrap > .kt-tabs-accordion-title.kt-tab-title-active .kt-tab-title{border-color:var(--global-palette7, #eeeeee);color:#ffffff;background:#0a6689;}@media all and (max-width: 1024px){.kt-tabs-id_246dde-a5 > .kt-tabs-content-wrap > .wp-block-kadence-tab{border-top:3px solid #0a6689;border-right:0px solid #0a6689;border-bottom:0px solid #0a6689;border-left:0px solid #0a6689;}}@media all and (max-width: 767px){.kt-tabs-id_246dde-a5 > .kt-tabs-content-wrap > .wp-block-kadence-tab{border-top:3px solid #0a6689;border-right:0px solid #0a6689;border-bottom:0px solid #0a6689;border-left:0px solid #0a6689;}}<\/style>\n<div class=\"wp-block-kadence-tabs alignnone\"><div class=\"kt-tabs-wrap kt-tabs-id_246dde-a5 kt-tabs-has-2-tabs kt-active-tab-1 kt-tabs-layout-tabs kt-tabs-tablet-layout-inherit kt-tabs-mobile-layout-inherit kt-tab-alignment-center \"><ul class=\"kt-tabs-title-list\"><li id=\"tab-amnagementfoncierruraletagricole\" class=\"kt-title-item kt-title-item-1 kt-tabs-svg-show-always kt-tabs-icon-side-right kt-tab-title-active\"><a href=\"#tab-amnagementfoncierruraletagricole\" data-tab=\"1\" class=\"kt-tab-title kt-tab-title-1 \"><span class=\"kt-title-text\">Am\u00e9nagement foncier rural et agricole<\/span><\/a><\/li><li id=\"tab-amnagementfoncierurbain\" class=\"kt-title-item kt-title-item-2 kt-tabs-svg-show-always kt-tabs-icon-side-right kt-tab-title-inactive\"><a href=\"#tab-amnagementfoncierurbain\" data-tab=\"2\" class=\"kt-tab-title kt-tab-title-2 \"><span class=\"kt-title-text\">Am\u00e9nagement foncier urbain<\/span><\/a><\/li><\/ul><div class=\"kt-tabs-content-wrap\">\n<div class=\"wp-block-kadence-tab kt-tab-inner-content kt-inner-tab-1 kt-inner-tab_f26259-4f\"><div class=\"kt-tab-inner-content-inner\"><style>.kb-row-layout-id_b1be5f-b4 > .kt-row-column-wrap{align-content:start;}:where(.kb-row-layout-id_b1be5f-b4 > .kt-row-column-wrap) > .wp-block-kadence-column{justify-content:start;}.kb-row-layout-id_b1be5f-b4 > .kt-row-column-wrap{column-gap:var(--global-kb-gap-md, 2rem);row-gap:var(--global-kb-gap-md, 2rem);padding-top:var(--global-kb-spacing-sm, 1.5rem);padding-bottom:var(--global-kb-spacing-sm, 1.5rem);grid-template-columns:minmax(0, 1fr) minmax(0, 2fr);}.kb-row-layout-id_b1be5f-b4 > .kt-row-layout-overlay{opacity:0.30;}@media all and (max-width: 1024px){.kb-row-layout-id_b1be5f-b4 > .kt-row-column-wrap{grid-template-columns:minmax(0, 1fr) minmax(0, 2fr);}}@media all and (max-width: 767px){.kb-row-layout-id_b1be5f-b4 > .kt-row-column-wrap{grid-template-columns:minmax(0, 1fr);}}<\/style><div class=\"kb-row-layout-wrap kb-row-layout-id_b1be5f-b4 alignnone wp-block-kadence-rowlayout\"><div class=\"kt-row-column-wrap kt-has-2-columns kt-row-layout-right-golden kt-tab-layout-inherit kt-mobile-layout-row kt-row-valign-top\">\n<style>.kadence-column_3fb14e-92 > .kt-inside-inner-col,.kadence-column_3fb14e-92 > .kt-inside-inner-col:before{border-top-left-radius:0px;border-top-right-radius:0px;border-bottom-right-radius:0px;border-bottom-left-radius:0px;}.kadence-column_3fb14e-92 > .kt-inside-inner-col{column-gap:var(--global-kb-gap-sm, 1rem);}.kadence-column_3fb14e-92 > .kt-inside-inner-col{flex-direction:column;}.kadence-column_3fb14e-92 > .kt-inside-inner-col > .aligncenter{width:100%;}.kadence-column_3fb14e-92 > .kt-inside-inner-col:before{opacity:0.3;}.kadence-column_3fb14e-92{position:relative;}@media all and (max-width: 1024px){.kadence-column_3fb14e-92 > .kt-inside-inner-col{flex-direction:column;justify-content:center;}}@media all and (max-width: 767px){.kadence-column_3fb14e-92 > .kt-inside-inner-col{flex-direction:column;justify-content:center;}}<\/style>\n<div class=\"wp-block-kadence-column kadence-column_3fb14e-92\"><div class=\"kt-inside-inner-col\"><style>.kb-image_b4729f-69 .kb-image-has-overlay:after{opacity:0.3;}<\/style>\n<figure class=\"wp-block-kadence-image kb-image_b4729f-69 size-full\"><img fetchpriority=\"high\" decoding=\"async\" width=\"612\" height=\"409\" src=\"https:\/\/serein-ge.com\/wp-content\/uploads\/2023\/09\/amenagement-agricole-1.jpg\" alt=\"\" class=\"kb-img wp-image-1244\" srcset=\"https:\/\/serein-ge.com\/wp-content\/uploads\/2023\/09\/amenagement-agricole-1.jpg 612w, https:\/\/serein-ge.com\/wp-content\/uploads\/2023\/09\/amenagement-agricole-1-300x200.jpg 300w\" sizes=\"(max-width: 612px) 100vw, 612px\" \/><\/figure>\n<\/div><\/div>\n\n\n<style>.kadence-column_82dab8-68 > .kt-inside-inner-col,.kadence-column_82dab8-68 > .kt-inside-inner-col:before{border-top-left-radius:0px;border-top-right-radius:0px;border-bottom-right-radius:0px;border-bottom-left-radius:0px;}.kadence-column_82dab8-68 > .kt-inside-inner-col{column-gap:var(--global-kb-gap-sm, 1rem);}.kadence-column_82dab8-68 > .kt-inside-inner-col{flex-direction:column;}.kadence-column_82dab8-68 > .kt-inside-inner-col > .aligncenter{width:100%;}.kadence-column_82dab8-68 > .kt-inside-inner-col:before{opacity:0.3;}.kadence-column_82dab8-68{position:relative;}@media all and (max-width: 1024px){.kadence-column_82dab8-68 > .kt-inside-inner-col{flex-direction:column;justify-content:center;}}@media all and (max-width: 767px){.kadence-column_82dab8-68 > .kt-inside-inner-col{flex-direction:column;justify-content:center;}}<\/style>\n<div class=\"wp-block-kadence-column kadence-column_82dab8-68\"><div class=\"kt-inside-inner-col\">\n<p style=\"font-size:20px\">Les comp\u00e9tences de l&rsquo;entreprise en am\u00e9nagement foncier rural lui permettent de contribuer \u00e0 assurer la mise en valeur et l&rsquo;am\u00e9lioration des conditions d&rsquo;exploitation des propri\u00e9t\u00e9s agricoles ou foresti\u00e8res quelque soit le lieu g\u00e9ographique concern\u00e9.<\/p>\n\n\n\n<p style=\"font-size:20px\">SEREIN-GE dispose de ressources humaines sp\u00e9cialis\u00e9es dans ce secteur d&rsquo;activit\u00e9s important dans les programmes de d\u00e9veloppement en Afrique et dans le reste du monde en d\u00e9veloppement.  <\/p>\n<\/div><\/div>\n\n<\/div><\/div><\/div><\/div>\n\n\n\n<div class=\"wp-block-kadence-tab kt-tab-inner-content kt-inner-tab-2 kt-inner-tab_27110a-4f\"><div class=\"kt-tab-inner-content-inner\"><style>.kb-row-layout-id_490294-35 > .kt-row-column-wrap{align-content:start;}:where(.kb-row-layout-id_490294-35 > .kt-row-column-wrap) > .wp-block-kadence-column{justify-content:start;}.kb-row-layout-id_490294-35 > .kt-row-column-wrap{column-gap:var(--global-kb-gap-md, 2rem);row-gap:var(--global-kb-gap-md, 2rem);padding-top:var(--global-kb-spacing-sm, 1.5rem);padding-bottom:var(--global-kb-spacing-sm, 1.5rem);grid-template-columns:minmax(0, 1fr) minmax(0, 2fr);}.kb-row-layout-id_490294-35 > .kt-row-layout-overlay{opacity:0.30;}@media all and (max-width: 1024px){.kb-row-layout-id_490294-35 > .kt-row-column-wrap{grid-template-columns:minmax(0, 1fr) minmax(0, 2fr);}}@media all and (max-width: 767px){.kb-row-layout-id_490294-35 > .kt-row-column-wrap{grid-template-columns:minmax(0, 1fr);}}<\/style><div class=\"kb-row-layout-wrap kb-row-layout-id_490294-35 alignnone wp-block-kadence-rowlayout\"><div class=\"kt-row-column-wrap kt-has-2-columns kt-row-layout-right-golden kt-tab-layout-inherit kt-mobile-layout-row kt-row-valign-top\">\n<style>.kadence-column_8e6340-23 > .kt-inside-inner-col,.kadence-column_8e6340-23 > .kt-inside-inner-col:before{border-top-left-radius:0px;border-top-right-radius:0px;border-bottom-right-radius:0px;border-bottom-left-radius:0px;}.kadence-column_8e6340-23 > .kt-inside-inner-col{column-gap:var(--global-kb-gap-sm, 1rem);}.kadence-column_8e6340-23 > .kt-inside-inner-col{flex-direction:column;}.kadence-column_8e6340-23 > .kt-inside-inner-col > .aligncenter{width:100%;}.kadence-column_8e6340-23 > .kt-inside-inner-col:before{opacity:0.3;}.kadence-column_8e6340-23{position:relative;}@media all and (max-width: 1024px){.kadence-column_8e6340-23 > .kt-inside-inner-col{flex-direction:column;justify-content:center;}}@media all and (max-width: 767px){.kadence-column_8e6340-23 > .kt-inside-inner-col{flex-direction:column;justify-content:center;}}<\/style>\n<div class=\"wp-block-kadence-column kadence-column_8e6340-23\"><div class=\"kt-inside-inner-col\"><style>.kb-image_8c963b-01 .kb-image-has-overlay:after{opacity:0.3;}<\/style>\n<figure class=\"wp-block-kadence-image kb-image_8c963b-01 size-full\"><img decoding=\"async\" width=\"612\" height=\"408\" src=\"https:\/\/serein-ge.com\/wp-content\/uploads\/2023\/09\/amenagement-urbain-2.jpg\" alt=\"\" class=\"kb-img wp-image-1246\" srcset=\"https:\/\/serein-ge.com\/wp-content\/uploads\/2023\/09\/amenagement-urbain-2.jpg 612w, https:\/\/serein-ge.com\/wp-content\/uploads\/2023\/09\/amenagement-urbain-2-300x200.jpg 300w\" sizes=\"(max-width: 612px) 100vw, 612px\" \/><\/figure>\n<\/div><\/div>\n\n\n<style>.kadence-column_6b98a5-e0 > .kt-inside-inner-col,.kadence-column_6b98a5-e0 > .kt-inside-inner-col:before{border-top-left-radius:0px;border-top-right-radius:0px;border-bottom-right-radius:0px;border-bottom-left-radius:0px;}.kadence-column_6b98a5-e0 > .kt-inside-inner-col{column-gap:var(--global-kb-gap-sm, 1rem);}.kadence-column_6b98a5-e0 > .kt-inside-inner-col{flex-direction:column;}.kadence-column_6b98a5-e0 > .kt-inside-inner-col > .aligncenter{width:100%;}.kadence-column_6b98a5-e0 > .kt-inside-inner-col:before{opacity:0.3;}.kadence-column_6b98a5-e0{position:relative;}@media all and (max-width: 1024px){.kadence-column_6b98a5-e0 > .kt-inside-inner-col{flex-direction:column;justify-content:center;}}@media all and (max-width: 767px){.kadence-column_6b98a5-e0 > .kt-inside-inner-col{flex-direction:column;justify-content:center;}}<\/style>\n<div class=\"wp-block-kadence-column kadence-column_6b98a5-e0\"><div class=\"kt-inside-inner-col\">\n<p style=\"font-size:20px\">En choisissant d&rsquo;intervenir dans ce secteur, SEREIN-GE se veut d&rsquo;\u00eatre \u00e0 m\u00eame de contribuer \u00e0 organiser et am\u00e9nager l&rsquo;espace public des villes pour les rendre attractives et agr\u00e9ables \u00e0 vivre.<\/p>\n\n\n\n<p style=\"font-size:20px\">L&rsquo;entreprise s&rsquo;est dot\u00e9e de moyens humains et mat\u00e9riels afin d&rsquo;exceller dans ce domaine d&rsquo;activit\u00e9 et de satisfaire les besoins du maximum de profil de clients.<\/p>\n<\/div><\/div>\n\n<\/div><\/div><\/div><\/div>\n<\/div><\/div><\/div>\n","protected":false},"excerpt":{"rendered":"<p>AMENAGEMENT FONCIER Nous intervenons aussi fr\u00e9quemment dans les domaines de l&rsquo;am\u00e9nagement et de l&rsquo;\u00e9valuation immobili\u00e8re. Les secteurs suivants sont abord\u00e9s: &#8211; La conduite et la gestion des projets fonciers et d&rsquo;am\u00e9nagement du territoire &#8211;L&rsquo;\u00e9valuation immobili\u00e8re et fonci\u00e8re &#8211;L&rsquo;expertise immobili\u00e8re et fonci\u00e8re<\/p>\n","protected":false},"author":5,"featured_media":0,"parent":0,"menu_order":0,"comment_status":"closed","ping_status":"closed","template":"","meta":{"_eb_attr":"","_kadence_starter_templates_imported_post":false,"_kad_post_transparent":"","_kad_post_title":"hide","_kad_post_layout":"fullwidth","_kad_post_sidebar_id":"","_kad_post_content_style":"","_kad_post_vertical_padding":"","_kad_post_feature":"","_kad_post_feature_position":"","_kad_post_header":false,"_kad_post_footer":false,"_kad_post_classname":"","footnotes":""},"class_list":["post-264","page","type-page","status-publish","hentry"],"_links":{"self":[{"href":"https:\/\/serein-ge.com\/index.php?rest_route=\/wp\/v2\/pages\/264","targetHints":{"allow":["GET"]}}],"collection":[{"href":"https:\/\/serein-ge.com\/index.php?rest_route=\/wp\/v2\/pages"}],"about":[{"href":"https:\/\/serein-ge.com\/index.php?rest_route=\/wp\/v2\/types\/page"}],"author":[{"embeddable":true,"href":"https:\/\/serein-ge.com\/index.php?rest_route=\/wp\/v2\/users\/5"}],"replies":[{"embeddable":true,"href":"https:\/\/serein-ge.com\/index.php?rest_route=%2Fwp%2Fv2%2Fcomments&post=264"}],"version-history":[{"count":0,"href":"https:\/\/serein-ge.com\/index.php?rest_route=\/wp\/v2\/pages\/264\/revisions"}],"wp:attachment":[{"href":"https:\/\/serein-ge.com\/index.php?rest_route=%2Fwp%2Fv2%2Fmedia&parent=264"}],"curies":[{"name":"wp","href":"https:\/\/api.w.org\/{rel}","templated":true}]}}