{"id":42,"date":"2023-02-27T10:55:31","date_gmt":"2023-02-27T09:55:31","guid":{"rendered":"https:\/\/serein-ge.com\/?page_id=42"},"modified":"2023-10-12T15:48:55","modified_gmt":"2023-10-12T15:48:55","slug":"departement","status":"publish","type":"page","link":"https:\/\/serein-ge.com\/?page_id=42","title":{"rendered":"D\u00e9partement"},"content":{"rendered":"\n<div class=\"wp-block-cover is-light has-custom-content-position is-position-top-center\" style=\"padding-top:0;padding-right:0;padding-bottom:0;padding-left:0;min-height:400px;aspect-ratio:unset;\"><span aria-hidden=\"true\" class=\"wp-block-cover__background has-background-dim-10 has-background-dim\"><\/span><img fetchpriority=\"high\" decoding=\"async\" width=\"1920\" height=\"1080\" class=\"wp-block-cover__image-background wp-image-465\" alt=\"\" src=\"https:\/\/serein-ge.com\/wp-content\/uploads\/2023\/03\/planet.jpg\" data-object-fit=\"cover\" srcset=\"https:\/\/serein-ge.com\/wp-content\/uploads\/2023\/03\/planet.jpg 1920w, https:\/\/serein-ge.com\/wp-content\/uploads\/2023\/03\/planet-300x169.jpg 300w, https:\/\/serein-ge.com\/wp-content\/uploads\/2023\/03\/planet-1024x576.jpg 1024w, https:\/\/serein-ge.com\/wp-content\/uploads\/2023\/03\/planet-768x432.jpg 768w, https:\/\/serein-ge.com\/wp-content\/uploads\/2023\/03\/planet-1536x864.jpg 1536w\" sizes=\"(max-width: 1920px) 100vw, 1920px\" \/><div class=\"wp-block-cover__inner-container is-layout-flow wp-block-cover-is-layout-flow\">\n<p class=\"has-text-align-center has-theme-palette-9-color has-text-color has-large-font-size\"><strong>NOS D\u00c9PARTEMENTS<\/strong><\/p>\n\n\n\n<p class=\"has-text-align-center has-medium-font-size\"><strong>PRENONS DE LA HAUTEUR !<\/strong><\/p>\n\n\n\n<p class=\"has-text-align-center has-theme-palette-9-color has-text-color\" style=\"font-size:25px\">Nous assurons les prestations les plus vari\u00e9es gr\u00e2ce \u00e0 la polyvalence de nos \u00e9quipes et un parc mat\u00e9riel adapt\u00e9 \u00e0 chaque situation.<\/p>\n\n\n<style>.kb-row-layout-id_769d2b-1b > .kt-row-column-wrap{align-content:start;}:where(.kb-row-layout-id_769d2b-1b > .kt-row-column-wrap) > .wp-block-kadence-column{justify-content:start;}.kb-row-layout-id_769d2b-1b > .kt-row-column-wrap{column-gap:var(--global-kb-gap-md, 2rem);row-gap:var(--global-kb-gap-md, 2rem);padding-top:var(--global-kb-spacing-md, 2rem);padding-bottom:var(--global-kb-spacing-xs, 1rem);}.kb-row-layout-id_769d2b-1b > .kt-row-column-wrap > div:not(.added-for-specificity){grid-column:initial;}.kb-row-layout-id_769d2b-1b > .kt-row-column-wrap{grid-template-columns:repeat(5, minmax(0, 1fr));}.kb-row-layout-id_769d2b-1b > .kt-row-layout-overlay{opacity:0.30;}@media all and (max-width: 1024px){.kb-row-layout-id_769d2b-1b > .kt-row-column-wrap > div:not(.added-for-specificity){grid-column:initial;}}@media all and (max-width: 1024px){.kb-row-layout-id_769d2b-1b > .kt-row-column-wrap{grid-template-columns:repeat(5, minmax(0, 1fr));}}@media all and (max-width: 767px){.kb-row-layout-id_769d2b-1b > .kt-row-column-wrap > div:not(.added-for-specificity){grid-column:initial;}.kb-row-layout-id_769d2b-1b > .kt-row-column-wrap{grid-template-columns:minmax(0, 1fr);}}<\/style><div class=\"kb-row-layout-wrap kb-row-layout-id_769d2b-1b alignnone wp-block-kadence-rowlayout\"><div class=\"kt-row-column-wrap kt-has-5-columns kt-row-layout-equal kt-tab-layout-inherit kt-mobile-layout-row kt-row-valign-top\">\n<style>.kadence-column_dbd9d5-5a > .kt-inside-inner-col,.kadence-column_dbd9d5-5a > .kt-inside-inner-col:before{border-top-left-radius:0px;border-top-right-radius:0px;border-bottom-right-radius:0px;border-bottom-left-radius:0px;}.kadence-column_dbd9d5-5a > .kt-inside-inner-col{column-gap:var(--global-kb-gap-sm, 1rem);}.kadence-column_dbd9d5-5a > .kt-inside-inner-col{flex-direction:column;}.kadence-column_dbd9d5-5a > .kt-inside-inner-col > .aligncenter{width:100%;}.kadence-column_dbd9d5-5a > .kt-inside-inner-col:before{opacity:0.3;}.kadence-column_dbd9d5-5a{position:relative;}@media all and (max-width: 1024px){.kadence-column_dbd9d5-5a > .kt-inside-inner-col{flex-direction:column;justify-content:center;}}@media all and (max-width: 767px){.kadence-column_dbd9d5-5a > .kt-inside-inner-col{flex-direction:column;justify-content:center;}}<\/style>\n<div class=\"wp-block-kadence-column kadence-column_dbd9d5-5a kb-section-has-link\"><div class=\"kt-inside-inner-col\"><div class=\"wp-block-image is-style-rounded\">\n<figure class=\"aligncenter size-large\"><img decoding=\"async\" width=\"1024\" height=\"1024\" src=\"https:\/\/serein-ge.com\/wp-content\/uploads\/2023\/10\/topo-10-1024x1024.jpg\" alt=\"\" class=\"wp-image-1651\" srcset=\"https:\/\/serein-ge.com\/wp-content\/uploads\/2023\/10\/topo-10-1024x1024.jpg 1024w, https:\/\/serein-ge.com\/wp-content\/uploads\/2023\/10\/topo-10-300x300.jpg 300w, https:\/\/serein-ge.com\/wp-content\/uploads\/2023\/10\/topo-10-150x150.jpg 150w, https:\/\/serein-ge.com\/wp-content\/uploads\/2023\/10\/topo-10-768x768.jpg 768w, https:\/\/serein-ge.com\/wp-content\/uploads\/2023\/10\/topo-10-1536x1536.jpg 1536w, https:\/\/serein-ge.com\/wp-content\/uploads\/2023\/10\/topo-10-2048x2048.jpg 2048w, https:\/\/serein-ge.com\/wp-content\/uploads\/2023\/10\/topo-10-scaled.jpg 1920w\" sizes=\"(max-width: 1024px) 100vw, 1024px\" \/><\/figure>\n<\/div>\n\n\n<div class=\"wp-block-essential-blocks-button\"><div class=\"eb-parent-wrapper eb-parent-eb-button-vum9x94 \"><div class=\"eb-button-wrapper eb-button-alignment eb-button-vum9x94\"><div class=\"eb-button\"><a class=\"eb-button-anchor\" href=\"\" rel=\"noopener\"><strong>TOPOGRAPHIE ET FONCIER<\/strong><br><\/a><\/div><\/div><\/div><\/div>\n<\/div><a href=\"https:\/\/serein-ge.com\/?page_id=693\" class=\"kb-section-link-overlay\"><\/a><\/div>\n\n\n<style>.kadence-column_045539-f9 > .kt-inside-inner-col,.kadence-column_045539-f9 > .kt-inside-inner-col:before{border-top-left-radius:0px;border-top-right-radius:0px;border-bottom-right-radius:0px;border-bottom-left-radius:0px;}.kadence-column_045539-f9 > .kt-inside-inner-col{column-gap:var(--global-kb-gap-sm, 1rem);}.kadence-column_045539-f9 > .kt-inside-inner-col{flex-direction:column;}.kadence-column_045539-f9 > .kt-inside-inner-col > .aligncenter{width:100%;}.kadence-column_045539-f9 > .kt-inside-inner-col:before{opacity:0.3;}.kadence-column_045539-f9{position:relative;}@media all and (max-width: 1024px){.kadence-column_045539-f9 > .kt-inside-inner-col{flex-direction:column;justify-content:center;}}@media all and (max-width: 767px){.kadence-column_045539-f9 > .kt-inside-inner-col{flex-direction:column;justify-content:center;}}<\/style>\n<div class=\"wp-block-kadence-column kadence-column_045539-f9 kb-section-has-link\"><div class=\"kt-inside-inner-col\"><div class=\"wp-block-image is-style-rounded\">\n<figure class=\"aligncenter size-full\"><img decoding=\"async\" width=\"407\" height=\"408\" src=\"https:\/\/serein-ge.com\/wp-content\/uploads\/2023\/10\/photogrametrie-10.jpg\" alt=\"\" class=\"wp-image-1656\" srcset=\"https:\/\/serein-ge.com\/wp-content\/uploads\/2023\/10\/photogrametrie-10.jpg 407w, https:\/\/serein-ge.com\/wp-content\/uploads\/2023\/10\/photogrametrie-10-300x300.jpg 300w, https:\/\/serein-ge.com\/wp-content\/uploads\/2023\/10\/photogrametrie-10-150x150.jpg 150w\" sizes=\"(max-width: 407px) 100vw, 407px\" \/><\/figure>\n<\/div>\n\n\n<div class=\"wp-block-essential-blocks-button\"><div class=\"eb-parent-wrapper eb-parent-eb-button-7ue54dm \"><div class=\"eb-button-wrapper eb-button-alignment eb-button-7ue54dm\"><div class=\"eb-button\"><a class=\"eb-button-anchor\" href=\"\" rel=\"noopener\"><strong>GEOMATIQUE<\/strong><br><br><\/a><\/div><\/div><\/div><\/div>\n<\/div><a href=\"https:\/\/serein-ge.com\/?page_id=685\" class=\"kb-section-link-overlay\"><\/a><\/div>\n\n\n<style>.kadence-column_ad29fb-52 > .kt-inside-inner-col,.kadence-column_ad29fb-52 > .kt-inside-inner-col:before{border-top-left-radius:0px;border-top-right-radius:0px;border-bottom-right-radius:0px;border-bottom-left-radius:0px;}.kadence-column_ad29fb-52 > .kt-inside-inner-col{column-gap:var(--global-kb-gap-sm, 1rem);}.kadence-column_ad29fb-52 > .kt-inside-inner-col{flex-direction:column;}.kadence-column_ad29fb-52 > .kt-inside-inner-col > .aligncenter{width:100%;}.kadence-column_ad29fb-52 > .kt-inside-inner-col:before{opacity:0.3;}.kadence-column_ad29fb-52{position:relative;}@media all and (max-width: 1024px){.kadence-column_ad29fb-52 > .kt-inside-inner-col{flex-direction:column;justify-content:center;}}@media all and (max-width: 767px){.kadence-column_ad29fb-52 > .kt-inside-inner-col{flex-direction:column;justify-content:center;}}<\/style>\n<div class=\"wp-block-kadence-column kadence-column_ad29fb-52 kb-section-has-link\"><div class=\"kt-inside-inner-col\"><div class=\"wp-block-image is-style-rounded\">\n<figure class=\"aligncenter size-large\"><img loading=\"lazy\" decoding=\"async\" width=\"1024\" height=\"1024\" src=\"https:\/\/serein-ge.com\/wp-content\/uploads\/2023\/10\/immobilier-10-1024x1024.jpg\" alt=\"\" class=\"wp-image-1650\" srcset=\"https:\/\/serein-ge.com\/wp-content\/uploads\/2023\/10\/immobilier-10-1024x1024.jpg 1024w, https:\/\/serein-ge.com\/wp-content\/uploads\/2023\/10\/immobilier-10-300x300.jpg 300w, https:\/\/serein-ge.com\/wp-content\/uploads\/2023\/10\/immobilier-10-150x150.jpg 150w, https:\/\/serein-ge.com\/wp-content\/uploads\/2023\/10\/immobilier-10-768x768.jpg 768w, https:\/\/serein-ge.com\/wp-content\/uploads\/2023\/10\/immobilier-10-1536x1536.jpg 1536w, https:\/\/serein-ge.com\/wp-content\/uploads\/2023\/10\/immobilier-10.jpg 1872w\" sizes=\"(max-width: 1024px) 100vw, 1024px\" \/><\/figure>\n<\/div>\n\n\n<div class=\"wp-block-essential-blocks-button\"><div class=\"eb-parent-wrapper eb-parent-eb-button-sea04rd \"><div class=\"eb-button-wrapper eb-button-alignment eb-button-sea04rd\"><div class=\"eb-button\"><a class=\"eb-button-anchor\" href=\"\" rel=\"noopener\"><strong>AMENAGEMENT ET EVALUATION IMMOBILIER<\/strong><\/a><\/div><\/div><\/div><\/div>\n<\/div><a href=\"https:\/\/serein-ge.com\/?page_id=264\" class=\"kb-section-link-overlay\"><\/a><\/div>\n\n\n<style>.kadence-column_7ae2c4-18 > .kt-inside-inner-col,.kadence-column_7ae2c4-18 > .kt-inside-inner-col:before{border-top-left-radius:0px;border-top-right-radius:0px;border-bottom-right-radius:0px;border-bottom-left-radius:0px;}.kadence-column_7ae2c4-18 > .kt-inside-inner-col{column-gap:var(--global-kb-gap-sm, 1rem);}.kadence-column_7ae2c4-18 > .kt-inside-inner-col{flex-direction:column;}.kadence-column_7ae2c4-18 > .kt-inside-inner-col > .aligncenter{width:100%;}.kadence-column_7ae2c4-18 > .kt-inside-inner-col:before{opacity:0.3;}.kadence-column_7ae2c4-18{position:relative;}@media all and (max-width: 1024px){.kadence-column_7ae2c4-18 > .kt-inside-inner-col{flex-direction:column;justify-content:center;}}@media all and (max-width: 767px){.kadence-column_7ae2c4-18 > .kt-inside-inner-col{flex-direction:column;justify-content:center;}}<\/style>\n<div class=\"wp-block-kadence-column kadence-column_7ae2c4-18 kb-section-has-link\"><div class=\"kt-inside-inner-col\"><div class=\"wp-block-image is-style-rounded\">\n<figure class=\"aligncenter size-full\"><img loading=\"lazy\" decoding=\"async\" width=\"422\" height=\"395\" src=\"https:\/\/serein-ge.com\/wp-content\/uploads\/2023\/10\/securite-informatique-3-1.jpg\" alt=\"\" class=\"wp-image-1684\" srcset=\"https:\/\/serein-ge.com\/wp-content\/uploads\/2023\/10\/securite-informatique-3-1.jpg 422w, https:\/\/serein-ge.com\/wp-content\/uploads\/2023\/10\/securite-informatique-3-1-300x281.jpg 300w\" sizes=\"(max-width: 422px) 100vw, 422px\" \/><\/figure>\n<\/div>\n\n\n<div class=\"wp-block-essential-blocks-button\"><div class=\"eb-parent-wrapper eb-parent-eb-button-nvzo2aa \"><div class=\"eb-button-wrapper eb-button-alignment eb-button-nvzo2aa\"><div class=\"eb-button\"><a class=\"eb-button-anchor\" href=\"\" rel=\"noopener\"><strong>INFORMATIQUE<\/strong><br><br><\/a><\/div><\/div><\/div><\/div>\n<\/div><a href=\"https:\/\/serein-ge.com\/?page_id=698\" class=\"kb-section-link-overlay\"><\/a><\/div>\n\n\n<style>.kadence-column_1b7935-b8 > .kt-inside-inner-col,.kadence-column_1b7935-b8 > .kt-inside-inner-col:before{border-top-left-radius:0px;border-top-right-radius:0px;border-bottom-right-radius:0px;border-bottom-left-radius:0px;}.kadence-column_1b7935-b8 > .kt-inside-inner-col{column-gap:var(--global-kb-gap-sm, 1rem);}.kadence-column_1b7935-b8 > .kt-inside-inner-col{flex-direction:column;}.kadence-column_1b7935-b8 > .kt-inside-inner-col > .aligncenter{width:100%;}.kadence-column_1b7935-b8 > .kt-inside-inner-col:before{opacity:0.3;}.kadence-column_1b7935-b8{position:relative;}@media all and (max-width: 1024px){.kadence-column_1b7935-b8 > .kt-inside-inner-col{flex-direction:column;justify-content:center;}}@media all and (max-width: 767px){.kadence-column_1b7935-b8 > .kt-inside-inner-col{flex-direction:column;justify-content:center;}}<\/style>\n<div class=\"wp-block-kadence-column kadence-column_1b7935-b8 kb-section-has-link\"><div class=\"kt-inside-inner-col\"><div class=\"wp-block-image is-style-rounded\">\n<figure class=\"aligncenter size-large\"><img loading=\"lazy\" decoding=\"async\" width=\"1024\" height=\"1024\" src=\"https:\/\/serein-ge.com\/wp-content\/uploads\/2023\/10\/formation-10-1024x1024.jpg\" alt=\"\" class=\"wp-image-1652\" srcset=\"https:\/\/serein-ge.com\/wp-content\/uploads\/2023\/10\/formation-10-1024x1024.jpg 1024w, https:\/\/serein-ge.com\/wp-content\/uploads\/2023\/10\/formation-10-300x300.jpg 300w, https:\/\/serein-ge.com\/wp-content\/uploads\/2023\/10\/formation-10-150x150.jpg 150w, https:\/\/serein-ge.com\/wp-content\/uploads\/2023\/10\/formation-10-768x768.jpg 768w, https:\/\/serein-ge.com\/wp-content\/uploads\/2023\/10\/formation-10-1536x1536.jpg 1536w, https:\/\/serein-ge.com\/wp-content\/uploads\/2023\/10\/formation-10-2048x2048.jpg 2048w, https:\/\/serein-ge.com\/wp-content\/uploads\/2023\/10\/formation-10-scaled.jpg 1920w\" sizes=\"(max-width: 1024px) 100vw, 1024px\" \/><\/figure>\n<\/div>\n\n\n<div class=\"wp-block-essential-blocks-button\"><div class=\"eb-parent-wrapper eb-parent-eb-button-kw4mwdg \"><div class=\"eb-button-wrapper eb-button-alignment eb-button-kw4mwdg\"><div class=\"eb-button\"><a class=\"eb-button-anchor\" href=\"\" rel=\"noopener\"><strong>FORMATION CONTINUE<\/strong><br><br><\/a><\/div><\/div><\/div><\/div>\n<\/div><a href=\"https:\/\/serein-ge.com\/?page_id=700\" class=\"kb-section-link-overlay\"><\/a><\/div>\n\n<\/div><\/div><\/div><\/div>\n","protected":false},"excerpt":{"rendered":"","protected":false},"author":5,"featured_media":0,"parent":0,"menu_order":0,"comment_status":"closed","ping_status":"closed","template":"","meta":{"_eb_attr":"","_kadence_starter_templates_imported_post":false,"_kad_post_transparent":"","_kad_post_title":"hide","_kad_post_layout":"fullwidth","_kad_post_sidebar_id":"","_kad_post_content_style":"","_kad_post_vertical_padding":"","_kad_post_feature":"","_kad_post_feature_position":"","_kad_post_header":false,"_kad_post_footer":false,"_kad_post_classname":"","footnotes":""},"class_list":["post-42","page","type-page","status-publish","hentry"],"_links":{"self":[{"href":"https:\/\/serein-ge.com\/index.php?rest_route=\/wp\/v2\/pages\/42","targetHints":{"allow":["GET"]}}],"collection":[{"href":"https:\/\/serein-ge.com\/index.php?rest_route=\/wp\/v2\/pages"}],"about":[{"href":"https:\/\/serein-ge.com\/index.php?rest_route=\/wp\/v2\/types\/page"}],"author":[{"embeddable":true,"href":"https:\/\/serein-ge.com\/index.php?rest_route=\/wp\/v2\/users\/5"}],"replies":[{"embeddable":true,"href":"https:\/\/serein-ge.com\/index.php?rest_route=%2Fwp%2Fv2%2Fcomments&post=42"}],"version-history":[{"count":0,"href":"https:\/\/serein-ge.com\/index.php?rest_route=\/wp\/v2\/pages\/42\/revisions"}],"wp:attachment":[{"href":"https:\/\/serein-ge.com\/index.php?rest_route=%2Fwp%2Fv2%2Fmedia&parent=42"}],"curies":[{"name":"wp","href":"https:\/\/api.w.org\/{rel}","templated":true}]}}