{"id":764,"date":"2023-03-29T11:40:08","date_gmt":"2023-03-29T11:40:08","guid":{"rendered":"https:\/\/serein-ge.com\/?page_id=764"},"modified":"2023-10-10T15:19:46","modified_gmt":"2023-10-10T15:19:46","slug":"actualites","status":"publish","type":"page","link":"https:\/\/serein-ge.com\/?page_id=764","title":{"rendered":"Actualit\u00e9s"},"content":{"rendered":"<style>.wp-block-kadence-advancedheading.kt-adv-heading_48f497-bd, .wp-block-kadence-advancedheading.kt-adv-heading_48f497-bd[data-kb-block=\"kb-adv-heading_48f497-bd\"]{text-align:center;font-style:normal;background-color:#baa232;}.wp-block-kadence-advancedheading.kt-adv-heading_48f497-bd mark.kt-highlight, .wp-block-kadence-advancedheading.kt-adv-heading_48f497-bd[data-kb-block=\"kb-adv-heading_48f497-bd\"] mark.kt-highlight{font-style:normal;color:#f76a0c;-webkit-box-decoration-break:clone;box-decoration-break:clone;padding-top:0px;padding-right:0px;padding-bottom:0px;padding-left:0px;}.wp-block-kadence-advancedheading.kt-adv-heading_48f497-bd img.kb-inline-image, .wp-block-kadence-advancedheading.kt-adv-heading_48f497-bd[data-kb-block=\"kb-adv-heading_48f497-bd\"] img.kb-inline-image{width:150px;vertical-align:baseline;}<\/style>\n<h2 class=\"kt-adv-heading_48f497-bd wp-block-kadence-advancedheading\" data-kb-block=\"kb-adv-heading_48f497-bd\">Actualit\u00e9s<\/h2>\n\n\n\n<h2 class=\"wp-block-heading has-text-align-center\"><strong>DERNIERS ARTICLES<\/strong><\/h2>\n\n\n\n<div class=\"wp-block-group\"><div class=\"wp-block-group__inner-container is-layout-constrained wp-block-group-is-layout-constrained\">\n<div class=\"wp-block-columns is-layout-flex wp-container-core-columns-is-layout-9d6595d7 wp-block-columns-is-layout-flex\">\n<div class=\"wp-block-column is-layout-flow wp-block-column-is-layout-flow\" style=\"flex-basis:100%\"><\/div>\n<\/div>\n<\/div><\/div>\n\n\n<style>.kb-posts-id-_cdbfb9-2b .kb-post-list-item{display:grid;}<\/style><ul class=\"wp-block-kadence-posts kb-posts kadence-posts-list kb-posts-id-_cdbfb9-2b content-wrap grid-cols kb-posts-style-boxed grid-sm-col-2 grid-lg-col-3 item-image-style-above\"><li class=\"kb-post-list-item\">\n\t<article class=\"entry content-bg loop-entry post-1690 post type-post status-publish format-standard hentry category-non-classe\">\n\t\t\t\t<div class=\"entry-content-wrap\">\n\t\t\t<header class=\"entry-header\">\n\t\t<div class=\"entry-taxonomies\">\n\t\t<span class=\"category-links term-links category-style-normal\">\n\t\t\t<a href=\"https:\/\/serein-ge.com\/?cat=1\" class=\"category-link-non-classe\" rel=\"tag\">Non class\u00e9<\/a>\t\t<\/span>\n\t<\/div><!-- .entry-taxonomies -->\n\t\t<div class=\"entry-meta entry-meta-divider-dot\">\n\t<span class=\"posted-by\"><span class=\"meta-label\">Par<\/span><span class=\"author vcard\"><span class=\"fn n\">gaetan zoma<\/span><\/span><\/span>\t\t\t<span class=\"posted-on\">\n\t\t\t\t<time class=\"entry-date published\" datetime=\"2023-10-12T16:17:23+00:00\">12 octobre 2023<\/time><time class=\"updated\" datetime=\"2024-03-29T11:00:12+00:00\">29 mars 2024<\/time>\t\t\t<\/span>\n\t\t\t\t<\/div><!-- .entry-meta -->\n\t<\/header><!-- .entry-header -->\n\t<div class=\"entry-summary\">\n\t\t<p>ENVIRONNEMENT Travaux d\u2019extension du lotissement du secteur 1 et 6 de la commune de Boulsa et \u00e9tude d\u2019\u00e9valuation environnementale DESCRIPTION Travaux d\u2019extension du lotissement du secteur 1 et 6 de la commune de Boulsa et \u00e9tude d\u2019\u00e9valuation environnementale 2012 Lev\u00e9 d\u2019\u00e9tat des lieux, Etude d\u2019avant-projet et implantation du lotissement de la ville de Zimtanga et&#8230;<\/p>\n\t<\/div><!-- .entry-summary -->\n\t<footer class=\"entry-footer\">\n\t\t\t<div class=\"entry-actions\">\n\t\t\t<p class=\"more-link-wrap\">\n\t\t\t\t<a href=\"https:\/\/serein-ge.com\/?p=1690\" class=\"post-more-link\">\n\t\t\t\t\tLire la suite<span class=\"screen-reader-text\"> <\/span><span class=\"kadence-svg-iconset svg-baseline\"><svg aria-hidden=\"true\" class=\"kadence-svg-icon kadence-arrow-right-alt-svg\" fill=\"currentColor\" version=\"1.1\" xmlns=\"http:\/\/www.w3.org\/2000\/svg\" width=\"27\" height=\"28\" viewBox=\"0 0 27 28\"><title>Continuer<\/title><path d=\"M27 13.953c0 0.141-0.063 0.281-0.156 0.375l-6 5.531c-0.156 0.141-0.359 0.172-0.547 0.094-0.172-0.078-0.297-0.25-0.297-0.453v-3.5h-19.5c-0.281 0-0.5-0.219-0.5-0.5v-3c0-0.281 0.219-0.5 0.5-0.5h19.5v-3.5c0-0.203 0.109-0.375 0.297-0.453s0.391-0.047 0.547 0.078l6 5.469c0.094 0.094 0.156 0.219 0.156 0.359v0z\"><\/path>\n\t\t\t<\/svg><\/span>\t\t\t\t<\/a>\n\t\t\t<\/p>\n\t\t<\/div><!-- .entry-actions -->\n\t\t<\/footer><!-- .entry-footer -->\t\t<\/div>\n\t<\/article>\n<\/li>\n<li class=\"kb-post-list-item\">\n\t<article class=\"entry content-bg loop-entry post-1480 post type-post status-publish format-standard has-post-thumbnail hentry category-non-classe\">\n\t\t\t\t<a aria-hidden=\"true\" tabindex=\"-1\" role=\"presentation\" class=\"post-thumbnail kadence-thumbnail-ratio-2-3\" href=\"https:\/\/serein-ge.com\/?p=1480\" aria-label=\"SEREIN-GE PARTAGE SON EXPERTISE AU TOGO\">\n\t\t\t<div class=\"post-thumbnail-inner\">\n\t\t\t\t<img fetchpriority=\"high\" decoding=\"async\" width=\"768\" height=\"576\" src=\"https:\/\/serein-ge.com\/wp-content\/uploads\/2023\/10\/Plusieurs-dizaines-de-professionnels-engages-dans-les-enquetes-foncieres-1-768x576.jpg\" class=\"attachment-medium_large size-medium_large wp-post-image\" alt=\"SEREIN-GE PARTAGE SON EXPERTISE AU TOGO\" srcset=\"https:\/\/serein-ge.com\/wp-content\/uploads\/2023\/10\/Plusieurs-dizaines-de-professionnels-engages-dans-les-enquetes-foncieres-1-768x576.jpg 768w, https:\/\/serein-ge.com\/wp-content\/uploads\/2023\/10\/Plusieurs-dizaines-de-professionnels-engages-dans-les-enquetes-foncieres-1-300x225.jpg 300w, https:\/\/serein-ge.com\/wp-content\/uploads\/2023\/10\/Plusieurs-dizaines-de-professionnels-engages-dans-les-enquetes-foncieres-1-1024x768.jpg 1024w, https:\/\/serein-ge.com\/wp-content\/uploads\/2023\/10\/Plusieurs-dizaines-de-professionnels-engages-dans-les-enquetes-foncieres-1.jpg 1080w\" sizes=\"(max-width: 768px) 100vw, 768px\" \/>\t\t\t<\/div>\n\t\t<\/a><!-- .post-thumbnail -->\n\t\t\t\t<div class=\"entry-content-wrap\">\n\t\t\t<header class=\"entry-header\">\n\t\t<div class=\"entry-taxonomies\">\n\t\t<span class=\"category-links term-links category-style-normal\">\n\t\t\t<a href=\"https:\/\/serein-ge.com\/?cat=1\" class=\"category-link-non-classe\" rel=\"tag\">Non class\u00e9<\/a>\t\t<\/span>\n\t<\/div><!-- .entry-taxonomies -->\n\t<h2 class=\"entry-title\"><a href=\"https:\/\/serein-ge.com\/?p=1480\" rel=\"bookmark\">SEREIN-GE PARTAGE SON EXPERTISE AU TOGO<\/a><\/h2>\t<div class=\"entry-meta entry-meta-divider-dot\">\n\t<span class=\"posted-by\"><span class=\"meta-label\">Par<\/span><span class=\"author vcard\"><span class=\"fn n\">baracuda<\/span><\/span><\/span>\t\t\t<span class=\"posted-on\">\n\t\t\t\t<time class=\"entry-date published\" datetime=\"2023-10-04T11:20:54+00:00\">4 octobre 2023<\/time><time class=\"updated\" datetime=\"2023-10-12T12:27:33+00:00\">12 octobre 2023<\/time>\t\t\t<\/span>\n\t\t\t\t<\/div><!-- .entry-meta -->\n\t<\/header><!-- .entry-header -->\n\t<div class=\"entry-summary\">\n\t\t<p>Nouveau Projet Excitant ! SEREIN-GE lance l&rsquo;enqu\u00eate fonci\u00e8re et le g\u00e9o-r\u00e9f\u00e9rencement \u00e0 Agoe Nyive 1, Grand Lom\u00e9 ! Nous sommes ravis de vous annoncer le lancement de nos activit\u00e9s de collecte terrain dans le cadre d&rsquo;un projet majeur d&rsquo;enqu\u00eate fonci\u00e8re et de g\u00e9o-r\u00e9f\u00e9rencement depuis Mai 2023. Notre \u00e9quipe exp\u00e9riment\u00e9e chez SEREIN-GE a entam\u00e9 ce passionnant&#8230;<\/p>\n\t<\/div><!-- .entry-summary -->\n\t<footer class=\"entry-footer\">\n\t\t\t<div class=\"entry-actions\">\n\t\t\t<p class=\"more-link-wrap\">\n\t\t\t\t<a href=\"https:\/\/serein-ge.com\/?p=1480\" class=\"post-more-link\">\n\t\t\t\t\tLire la suite<span class=\"screen-reader-text\"> SEREIN-GE PARTAGE SON EXPERTISE AU TOGO<\/span><span class=\"kadence-svg-iconset svg-baseline\"><svg aria-hidden=\"true\" class=\"kadence-svg-icon kadence-arrow-right-alt-svg\" fill=\"currentColor\" version=\"1.1\" xmlns=\"http:\/\/www.w3.org\/2000\/svg\" width=\"27\" height=\"28\" viewBox=\"0 0 27 28\"><title>Continuer<\/title><path d=\"M27 13.953c0 0.141-0.063 0.281-0.156 0.375l-6 5.531c-0.156 0.141-0.359 0.172-0.547 0.094-0.172-0.078-0.297-0.25-0.297-0.453v-3.5h-19.5c-0.281 0-0.5-0.219-0.5-0.5v-3c0-0.281 0.219-0.5 0.5-0.5h19.5v-3.5c0-0.203 0.109-0.375 0.297-0.453s0.391-0.047 0.547 0.078l6 5.469c0.094 0.094 0.156 0.219 0.156 0.359v0z\"><\/path>\n\t\t\t<\/svg><\/span>\t\t\t\t<\/a>\n\t\t\t<\/p>\n\t\t<\/div><!-- .entry-actions -->\n\t\t<\/footer><!-- .entry-footer -->\t\t<\/div>\n\t<\/article>\n<\/li>\n<li class=\"kb-post-list-item\">\n\t<article class=\"entry content-bg loop-entry post-857 post type-post status-publish format-standard has-post-thumbnail hentry\">\n\t\t\t\t<a aria-hidden=\"true\" tabindex=\"-1\" role=\"presentation\" class=\"post-thumbnail kadence-thumbnail-ratio-2-3\" href=\"https:\/\/serein-ge.com\/?p=857\" aria-label=\"SALUT LE MONDE\">\n\t\t\t<div class=\"post-thumbnail-inner\">\n\t\t\t\t<img decoding=\"async\" width=\"511\" height=\"315\" src=\"https:\/\/serein-ge.com\/wp-content\/uploads\/2023\/04\/canva-fonce-violet-femme-photo-service-a-la-clientele-c.v.-tUuApV3C6rs-1-1.jpg\" class=\"attachment-medium_large size-medium_large wp-post-image\" alt=\"SALUT LE MONDE\" srcset=\"https:\/\/serein-ge.com\/wp-content\/uploads\/2023\/04\/canva-fonce-violet-femme-photo-service-a-la-clientele-c.v.-tUuApV3C6rs-1-1.jpg 511w, https:\/\/serein-ge.com\/wp-content\/uploads\/2023\/04\/canva-fonce-violet-femme-photo-service-a-la-clientele-c.v.-tUuApV3C6rs-1-1-300x185.jpg 300w\" sizes=\"(max-width: 511px) 100vw, 511px\" \/>\t\t\t<\/div>\n\t\t<\/a><!-- .post-thumbnail -->\n\t\t\t\t<div class=\"entry-content-wrap\">\n\t\t\t<header class=\"entry-header\">\n\t\t<div class=\"entry-taxonomies\">\n\t\t<span class=\"category-links term-links category-style-normal\">\n\t\t\t\t\t<\/span>\n\t<\/div><!-- .entry-taxonomies -->\n\t<h2 class=\"entry-title\"><a href=\"https:\/\/serein-ge.com\/?p=857\" rel=\"bookmark\">SALUT LE MONDE<\/a><\/h2>\t<div class=\"entry-meta entry-meta-divider-dot\">\n\t<span class=\"posted-by\"><span class=\"meta-label\">Par<\/span><span class=\"author vcard\"><span class=\"fn n\">baracuda<\/span><\/span><\/span>\t\t\t<span class=\"posted-on\">\n\t\t\t\t<time class=\"entry-date published\" datetime=\"2023-04-05T12:11:05+00:00\">5 avril 2023<\/time><time class=\"updated\" datetime=\"2023-04-05T12:36:45+00:00\">5 avril 2023<\/time>\t\t\t<\/span>\n\t\t\t\t<\/div><!-- .entry-meta -->\n\t<\/header><!-- .entry-header -->\n\t<div class=\"entry-summary\">\n\t\t<p>D&rsquo;o\u00f9 est ce que \u00e7a vient? Contrairement \u00e0 la croyance populaire, le Lorem Ipsum n&rsquo;est pas simplement un texte al\u00e9atoire.&nbsp;Il a ses racines dans un morceau de litt\u00e9rature latine classique de 45 avant JC, ce qui le rend vieux de plus de 2000 ans.&nbsp;Richard McClintock, professeur de latin au Hampden-Sydney College en Virginie, a recherch\u00e9&#8230;<\/p>\n\t<\/div><!-- .entry-summary -->\n\t<footer class=\"entry-footer\">\n\t\t\t<div class=\"entry-actions\">\n\t\t\t<p class=\"more-link-wrap\">\n\t\t\t\t<a href=\"https:\/\/serein-ge.com\/?p=857\" class=\"post-more-link\">\n\t\t\t\t\tLire la suite<span class=\"screen-reader-text\"> SALUT LE MONDE<\/span><span class=\"kadence-svg-iconset svg-baseline\"><svg aria-hidden=\"true\" class=\"kadence-svg-icon kadence-arrow-right-alt-svg\" fill=\"currentColor\" version=\"1.1\" xmlns=\"http:\/\/www.w3.org\/2000\/svg\" width=\"27\" height=\"28\" viewBox=\"0 0 27 28\"><title>Continuer<\/title><path d=\"M27 13.953c0 0.141-0.063 0.281-0.156 0.375l-6 5.531c-0.156 0.141-0.359 0.172-0.547 0.094-0.172-0.078-0.297-0.25-0.297-0.453v-3.5h-19.5c-0.281 0-0.5-0.219-0.5-0.5v-3c0-0.281 0.219-0.5 0.5-0.5h19.5v-3.5c0-0.203 0.109-0.375 0.297-0.453s0.391-0.047 0.547 0.078l6 5.469c0.094 0.094 0.156 0.219 0.156 0.359v0z\"><\/path>\n\t\t\t<\/svg><\/span>\t\t\t\t<\/a>\n\t\t\t<\/p>\n\t\t<\/div><!-- .entry-actions -->\n\t\t<\/footer><!-- .entry-footer -->\t\t<\/div>\n\t<\/article>\n<\/li>\n<li class=\"kb-post-list-item\">\n\t<article class=\"entry content-bg loop-entry post-844 post type-post status-publish format-standard has-post-thumbnail hentry category-non-classe\">\n\t\t\t\t<a aria-hidden=\"true\" tabindex=\"-1\" role=\"presentation\" class=\"post-thumbnail kadence-thumbnail-ratio-2-3\" href=\"https:\/\/serein-ge.com\/?p=844\" aria-label=\"Informatique quantique\">\n\t\t\t<div class=\"post-thumbnail-inner\">\n\t\t\t\t<img decoding=\"async\" width=\"620\" height=\"400\" src=\"https:\/\/serein-ge.com\/wp-content\/uploads\/2023\/04\/Informatique-quantique-2.jpg\" class=\"attachment-medium_large size-medium_large wp-post-image\" alt=\"Informatique quantique\" srcset=\"https:\/\/serein-ge.com\/wp-content\/uploads\/2023\/04\/Informatique-quantique-2.jpg 620w, https:\/\/serein-ge.com\/wp-content\/uploads\/2023\/04\/Informatique-quantique-2-300x194.jpg 300w\" sizes=\"(max-width: 620px) 100vw, 620px\" \/>\t\t\t<\/div>\n\t\t<\/a><!-- .post-thumbnail -->\n\t\t\t\t<div class=\"entry-content-wrap\">\n\t\t\t<header class=\"entry-header\">\n\t\t<div class=\"entry-taxonomies\">\n\t\t<span class=\"category-links term-links category-style-normal\">\n\t\t\t<a href=\"https:\/\/serein-ge.com\/?cat=1\" class=\"category-link-non-classe\" rel=\"tag\">Non class\u00e9<\/a>\t\t<\/span>\n\t<\/div><!-- .entry-taxonomies -->\n\t<h2 class=\"entry-title\"><a href=\"https:\/\/serein-ge.com\/?p=844\" rel=\"bookmark\">Informatique quantique<\/a><\/h2>\t<div class=\"entry-meta entry-meta-divider-dot\">\n\t<span class=\"posted-by\"><span class=\"meta-label\">Par<\/span><span class=\"author vcard\"><span class=\"fn n\">baracuda<\/span><\/span><\/span>\t\t\t<span class=\"posted-on\">\n\t\t\t\t<time class=\"entry-date published\" datetime=\"2023-04-05T11:41:26+00:00\">5 avril 2023<\/time><time class=\"updated\" datetime=\"2023-10-12T12:36:48+00:00\">12 octobre 2023<\/time>\t\t\t<\/span>\n\t\t\t\t<\/div><!-- .entry-meta -->\n\t<\/header><!-- .entry-header -->\n\t<div class=\"entry-summary\">\n\t\t<p>ient d&rsquo;une ligne d Contrairement \u00e0 la croyance populaire, le Lorem Ipsum n&rsquo;est pas simplement un texte al\u00e9atoire.&nbsp;Il a ses racines dans un morceau de litt\u00e9rature latine classique de 45 avant JC, ce qui le rend vieux de plus de 2000 ans.&nbsp;Richard McClintock, professeur de latin au Hampden-Sydney College en Virginie, a recherch\u00e9 l&rsquo;un des&#8230;<\/p>\n\t<\/div><!-- .entry-summary -->\n\t<footer class=\"entry-footer\">\n\t\t\t<div class=\"entry-actions\">\n\t\t\t<p class=\"more-link-wrap\">\n\t\t\t\t<a href=\"https:\/\/serein-ge.com\/?p=844\" class=\"post-more-link\">\n\t\t\t\t\tLire la suite<span class=\"screen-reader-text\"> Informatique quantique<\/span><span class=\"kadence-svg-iconset svg-baseline\"><svg aria-hidden=\"true\" class=\"kadence-svg-icon kadence-arrow-right-alt-svg\" fill=\"currentColor\" version=\"1.1\" xmlns=\"http:\/\/www.w3.org\/2000\/svg\" width=\"27\" height=\"28\" viewBox=\"0 0 27 28\"><title>Continuer<\/title><path d=\"M27 13.953c0 0.141-0.063 0.281-0.156 0.375l-6 5.531c-0.156 0.141-0.359 0.172-0.547 0.094-0.172-0.078-0.297-0.25-0.297-0.453v-3.5h-19.5c-0.281 0-0.5-0.219-0.5-0.5v-3c0-0.281 0.219-0.5 0.5-0.5h19.5v-3.5c0-0.203 0.109-0.375 0.297-0.453s0.391-0.047 0.547 0.078l6 5.469c0.094 0.094 0.156 0.219 0.156 0.359v0z\"><\/path>\n\t\t\t<\/svg><\/span>\t\t\t\t<\/a>\n\t\t\t<\/p>\n\t\t<\/div><!-- .entry-actions -->\n\t\t<\/footer><!-- .entry-footer -->\t\t<\/div>\n\t<\/article>\n<\/li>\n<\/ul>","protected":false},"excerpt":{"rendered":"<p>Actualit\u00e9s DERNIERS ARTICLES<\/p>\n","protected":false},"author":5,"featured_media":0,"parent":0,"menu_order":0,"comment_status":"closed","ping_status":"closed","template":"","meta":{"_eb_attr":"","_kadence_starter_templates_imported_post":false,"_kad_post_transparent":"","_kad_post_title":"","_kad_post_layout":"","_kad_post_sidebar_id":"","_kad_post_content_style":"","_kad_post_vertical_padding":"","_kad_post_feature":"","_kad_post_feature_position":"","_kad_post_header":false,"_kad_post_footer":false,"_kad_post_classname":"","footnotes":""},"class_list":["post-764","page","type-page","status-publish","hentry"],"_links":{"self":[{"href":"https:\/\/serein-ge.com\/index.php?rest_route=\/wp\/v2\/pages\/764","targetHints":{"allow":["GET"]}}],"collection":[{"href":"https:\/\/serein-ge.com\/index.php?rest_route=\/wp\/v2\/pages"}],"about":[{"href":"https:\/\/serein-ge.com\/index.php?rest_route=\/wp\/v2\/types\/page"}],"author":[{"embeddable":true,"href":"https:\/\/serein-ge.com\/index.php?rest_route=\/wp\/v2\/users\/5"}],"replies":[{"embeddable":true,"href":"https:\/\/serein-ge.com\/index.php?rest_route=%2Fwp%2Fv2%2Fcomments&post=764"}],"version-history":[{"count":0,"href":"https:\/\/serein-ge.com\/index.php?rest_route=\/wp\/v2\/pages\/764\/revisions"}],"wp:attachment":[{"href":"https:\/\/serein-ge.com\/index.php?rest_route=%2Fwp%2Fv2%2Fmedia&parent=764"}],"curies":[{"name":"wp","href":"https:\/\/api.w.org\/{rel}","templated":true}]}}